{"id":1406,"date":"2016-11-04T16:33:02","date_gmt":"2016-11-04T15:33:02","guid":{"rendered":"https:\/\/www.dentistemilanbrossard.com\/clinique\/"},"modified":"2024-10-30T01:31:53","modified_gmt":"2024-10-30T00:31:53","slug":"clinique","status":"publish","type":"page","link":"https:\/\/www.dentistemilanbrossard.com\/en\/clinique\/","title":{"rendered":"Clinic"},"content":{"rendered":"<p>[vc_row full_width=&#8221;stretch_row&#8221; el_class=&#8221;clinique_banner&#8221; css=&#8221;.vc_custom_1635194612947{padding-top: 0px !important;background-image: url(https:\/\/www.dentistemilanbrossard.com\/wp-content\/uploads\/2017\/11\/centre-dentaire-milan-brossard-radiographie.jpg?id=1701) !important;background-position: center !important;background-repeat: no-repeat !important;background-size: cover !important;}&#8221;][vc_column][\/vc_column][\/vc_row][vc_row css_animation=&#8221;none&#8221; el_class=&#8221;clinique_content&#8221; css=&#8221;.vc_custom_1542734131630{padding-top: 0px !important;}&#8221;][vc_column][vc_custom_heading text=&#8221;Le Centre dentaire Milan Brossard &#8221; font_container=&#8221;tag:h2|text_align:center|color:%23000000&#8243; use_theme_fonts=&#8221;yes&#8221; el_class=&#8221;clinique_title&#8221;][vc_separator color=&#8221;white&#8221;][vc_column_text el_class=&#8221;clinique_text&#8221;]In our <strong>dental clinic<\/strong>, it is common for our dentists to care for all three generations of the same family. Our patients are often grateful for the friendly approach and the meticulousness of our staff. Our\u00a0 team members\u00a0collaborate together to\u00a0ensure consistency and optimize our patient&#8217;s experience.<\/p>\n<p>Your comfort is always our primary goal. In our clinic, you will find an unparalleled tranquility. We constantly try to find all\u00a0<strong>ways to reduce dental anxiety.<\/strong><\/p>\n<p><strong>The first visit<\/strong>\u00a0allows us to get to know you, to hear your questions and your fears, we take all the time necessary to provide you with a <strong>personalized treatment plan<\/strong>.\u00a0We take all the necessary\u00a0the time to listen to you.<\/p>\n<p>Our staff is honest, courteous and highly motivated to\u00a0<strong>stay\u00a0up to date\u00a0with the\u00a0new\u00a0advancements\u00a0in the profession<\/strong>. Our practitioners each have specific expertise, they share their knowledge as a team to optimize the quality of the treatments performed.<\/p>\n<p><strong>Good oral health is a reflection of systemic health, it is part of the body&#8217;s well-being<\/strong>. We take the time to discuss with our patients healthy lifestyle habits, including smoking cessation, stress management and healthy nutrition.<\/p>\n<div id=\"videoPopupMenu\" style=\"display: none;\"><\/div>\n<p>[\/vc_column_text][vc_separator color=&#8221;white&#8221;][vc_single_image image=&#8221;1772&#8243; img_size=&#8221;large&#8221; alignment=&#8221;center&#8221; css_animation=&#8221;none&#8221;][vc_column_text el_class=&#8221;clinique_text&#8221;]<\/p>\n<h2>Centre Dentaire Milan Brossard offers you:<\/h2>\n<p>&nbsp;<\/p>\n<p>\u2022 <strong>Competent<\/strong>, well-trained, friendly and respectful staff.<\/p>\n<p>\u2022 A stress free\u00a0<strong>atmosphere and a pleasant calm environment.<\/strong><\/p>\n<p>\u2022 <strong>Affordable services<\/strong> in all disciplines of dentistry, regardless of our patients (age, economic situation, disabilities, etc.).<\/p>\n<p>\u2022 A <strong>modern clinic<\/strong> that uses the latest technology (digital radiography, intraoral cameras and scanners) with the aim of optimizing the diagnosis and involving\u00a0our patients in their care options.<\/p>\n<p>\u2022 A team of <strong>six practitioners<\/strong> who make sure to keep their knowledge up to date, who are academically invested in the profession and who will be happy to explain your treatment protocol to you.<\/p>\n<p>\u2022 A dental clinic that is very <strong>easy to access<\/strong>, with ample <strong>free parking<\/strong>.<\/p>\n<p>\u2022 <strong>Accessible hours of operation<\/strong> allowing some patients not to be absent from work.<\/p>\n<p>As our practice is located right next to a medical centre and a large pharmacy, many of our patients take advantage of a single trip to make multiple medical visits.<\/p>\n<div id=\"videoPopupMenu\" style=\"display: none;\"><\/div>\n<p>[\/vc_column_text][\/vc_column][\/vc_row][vc_row][vc_column][vc_column_text]<\/p>\n<div id=\"popupMenu\"><\/div>\n<p>[\/vc_column_text][\/vc_column][\/vc_row]<\/p>\n","protected":false},"excerpt":{"rendered":"<p>[vc_row full_width=&#8221;stretch_row&#8221; el_class=&#8221;clinique_banner&#8221; css=&#8221;.vc_custom_1635194612947{padding-top: 0px !important;background-image: url(https:\/\/www.dentistemilanbrossard.com\/wp-content\/uploads\/2017\/11\/centre-dentaire-milan-brossard-radiographie.jpg?id=1701) !important;background-position: center !important;background-repeat: no-repeat !important;background-size: cover !important;}&#8221;][vc_column][\/vc_column][\/vc_row][vc_row css_animation=&#8221;none&#8221; el_class=&#8221;clinique_content&#8221; css=&#8221;.vc_custom_1542734131630{padding-top: 0px !important;}&#8221;][vc_column][vc_custom_heading text=&#8221;Le Centre dentaire Milan Brossard &#8221; font_container=&#8221;tag:h2|text_align:center|color:%23000000&#8243; use_theme_fonts=&#8221;yes&#8221; el_class=&#8221;clinique_title&#8221;][vc_separator color=&#8221;white&#8221;][vc_column_text el_class=&#8221;clinique_text&#8221;]In our dental clinic, it is common for our dentists to care for all three generations of the same family. Our patients are often grateful for<a class=\"readmore_exerpt\" href=\"https:\/\/www.dentistemilanbrossard.com\/en\/clinique\/\" rel=\"nofollow\"> [&#8230;]<\/a><\/p>\n","protected":false},"author":1002,"featured_media":0,"parent":0,"menu_order":5,"comment_status":"closed","ping_status":"closed","template":"templates\/template-clinique.php","meta":{"footnotes":""},"class_list":["post-1406","page","type-page","status-publish","hentry"],"yoast_head":"<!-- This site is optimized with the Yoast SEO plugin v26.8 - https:\/\/yoast.com\/product\/yoast-seo-wordpress\/ -->\n<title>D\u00e9couvrez notre clinique - Centre Dentaire Milan Brossard<\/title>\n<meta name=\"description\" content=\"La sant\u00e9 buccale de votre famille sera entre de bonnes mains avec les dentistes du Centre dentaire Milan Brossard o\u00f9 r\u00e8gnent respect, rigueur et empathie.\" \/>\n<meta name=\"robots\" content=\"index, follow, max-snippet:-1, max-image-preview:large, max-video-preview:-1\" \/>\n<link rel=\"canonical\" href=\"https:\/\/www.dentistemilanbrossard.com\/clinique\/\" \/>\n<meta property=\"og:locale\" content=\"en_US\" \/>\n<meta property=\"og:type\" content=\"article\" \/>\n<meta property=\"og:title\" content=\"D\u00e9couvrez notre clinique - Centre Dentaire Milan Brossard\" \/>\n<meta property=\"og:description\" content=\"La sant\u00e9 buccale de votre famille sera entre de bonnes mains avec les dentistes du Centre dentaire Milan Brossard o\u00f9 r\u00e8gnent respect, rigueur et empathie.\" \/>\n<meta property=\"og:url\" content=\"https:\/\/www.dentistemilanbrossard.com\/clinique\/\" \/>\n<meta property=\"og:site_name\" content=\"Centre Dentaire Milan Brossard\" \/>\n<meta property=\"article:modified_time\" content=\"2024-10-30T00:31:53+00:00\" \/>\n<meta name=\"twitter:card\" content=\"summary_large_image\" \/>\n<meta name=\"twitter:label1\" content=\"Est. reading time\" \/>\n\t<meta name=\"twitter:data1\" content=\"2 minutes\" \/>\n<script type=\"application\/ld+json\" class=\"yoast-schema-graph\">{\"@context\":\"https:\/\/schema.org\",\"@graph\":[{\"@type\":\"WebPage\",\"@id\":\"https:\/\/www.dentistemilanbrossard.com\/clinique\/\",\"url\":\"https:\/\/www.dentistemilanbrossard.com\/clinique\/\",\"name\":\"D\u00e9couvrez notre clinique - Centre Dentaire Milan Brossard\",\"isPartOf\":{\"@id\":\"https:\/\/www.dentistemilanbrossard.com\/#website\"},\"datePublished\":\"2016-11-04T15:33:02+00:00\",\"dateModified\":\"2024-10-30T00:31:53+00:00\",\"description\":\"La sant\u00e9 buccale de votre famille sera entre de bonnes mains avec les dentistes du Centre dentaire Milan Brossard o\u00f9 r\u00e8gnent respect, rigueur et empathie.\",\"breadcrumb\":{\"@id\":\"https:\/\/www.dentistemilanbrossard.com\/clinique\/#breadcrumb\"},\"inLanguage\":\"en-US\",\"potentialAction\":[{\"@type\":\"ReadAction\",\"target\":[\"https:\/\/www.dentistemilanbrossard.com\/clinique\/\"]}]},{\"@type\":\"BreadcrumbList\",\"@id\":\"https:\/\/www.dentistemilanbrossard.com\/clinique\/#breadcrumb\",\"itemListElement\":[{\"@type\":\"ListItem\",\"position\":1,\"name\":\"Accueil\",\"item\":\"https:\/\/www.dentistemilanbrossard.com\/en\/\"},{\"@type\":\"ListItem\",\"position\":2,\"name\":\"Clinic\"}]},{\"@type\":\"WebSite\",\"@id\":\"https:\/\/www.dentistemilanbrossard.com\/#website\",\"url\":\"https:\/\/www.dentistemilanbrossard.com\/\",\"name\":\"Centre Dentaire Milan Brossard\",\"description\":\"\",\"potentialAction\":[{\"@type\":\"SearchAction\",\"target\":{\"@type\":\"EntryPoint\",\"urlTemplate\":\"https:\/\/www.dentistemilanbrossard.com\/?s={search_term_string}\"},\"query-input\":{\"@type\":\"PropertyValueSpecification\",\"valueRequired\":true,\"valueName\":\"search_term_string\"}}],\"inLanguage\":\"en-US\"}]}<\/script>\n<!-- \/ Yoast SEO plugin. -->","yoast_head_json":{"title":"D\u00e9couvrez notre clinique - Centre Dentaire Milan Brossard","description":"La sant\u00e9 buccale de votre famille sera entre de bonnes mains avec les dentistes du Centre dentaire Milan Brossard o\u00f9 r\u00e8gnent respect, rigueur et empathie.","robots":{"index":"index","follow":"follow","max-snippet":"max-snippet:-1","max-image-preview":"max-image-preview:large","max-video-preview":"max-video-preview:-1"},"canonical":"https:\/\/www.dentistemilanbrossard.com\/clinique\/","og_locale":"en_US","og_type":"article","og_title":"D\u00e9couvrez notre clinique - Centre Dentaire Milan Brossard","og_description":"La sant\u00e9 buccale de votre famille sera entre de bonnes mains avec les dentistes du Centre dentaire Milan Brossard o\u00f9 r\u00e8gnent respect, rigueur et empathie.","og_url":"https:\/\/www.dentistemilanbrossard.com\/clinique\/","og_site_name":"Centre Dentaire Milan Brossard","article_modified_time":"2024-10-30T00:31:53+00:00","twitter_card":"summary_large_image","twitter_misc":{"Est. reading time":"2 minutes"},"schema":{"@context":"https:\/\/schema.org","@graph":[{"@type":"WebPage","@id":"https:\/\/www.dentistemilanbrossard.com\/clinique\/","url":"https:\/\/www.dentistemilanbrossard.com\/clinique\/","name":"D\u00e9couvrez notre clinique - Centre Dentaire Milan Brossard","isPartOf":{"@id":"https:\/\/www.dentistemilanbrossard.com\/#website"},"datePublished":"2016-11-04T15:33:02+00:00","dateModified":"2024-10-30T00:31:53+00:00","description":"La sant\u00e9 buccale de votre famille sera entre de bonnes mains avec les dentistes du Centre dentaire Milan Brossard o\u00f9 r\u00e8gnent respect, rigueur et empathie.","breadcrumb":{"@id":"https:\/\/www.dentistemilanbrossard.com\/clinique\/#breadcrumb"},"inLanguage":"en-US","potentialAction":[{"@type":"ReadAction","target":["https:\/\/www.dentistemilanbrossard.com\/clinique\/"]}]},{"@type":"BreadcrumbList","@id":"https:\/\/www.dentistemilanbrossard.com\/clinique\/#breadcrumb","itemListElement":[{"@type":"ListItem","position":1,"name":"Accueil","item":"https:\/\/www.dentistemilanbrossard.com\/en\/"},{"@type":"ListItem","position":2,"name":"Clinic"}]},{"@type":"WebSite","@id":"https:\/\/www.dentistemilanbrossard.com\/#website","url":"https:\/\/www.dentistemilanbrossard.com\/","name":"Centre Dentaire Milan Brossard","description":"","potentialAction":[{"@type":"SearchAction","target":{"@type":"EntryPoint","urlTemplate":"https:\/\/www.dentistemilanbrossard.com\/?s={search_term_string}"},"query-input":{"@type":"PropertyValueSpecification","valueRequired":true,"valueName":"search_term_string"}}],"inLanguage":"en-US"}]}},"_links":{"self":[{"href":"https:\/\/www.dentistemilanbrossard.com\/en\/wp-json\/wp\/v2\/pages\/1406","targetHints":{"allow":["GET"]}}],"collection":[{"href":"https:\/\/www.dentistemilanbrossard.com\/en\/wp-json\/wp\/v2\/pages"}],"about":[{"href":"https:\/\/www.dentistemilanbrossard.com\/en\/wp-json\/wp\/v2\/types\/page"}],"author":[{"embeddable":true,"href":"https:\/\/www.dentistemilanbrossard.com\/en\/wp-json\/wp\/v2\/users\/1002"}],"replies":[{"embeddable":true,"href":"https:\/\/www.dentistemilanbrossard.com\/en\/wp-json\/wp\/v2\/comments?post=1406"}],"version-history":[{"count":40,"href":"https:\/\/www.dentistemilanbrossard.com\/en\/wp-json\/wp\/v2\/pages\/1406\/revisions"}],"predecessor-version":[{"id":1979,"href":"https:\/\/www.dentistemilanbrossard.com\/en\/wp-json\/wp\/v2\/pages\/1406\/revisions\/1979"}],"wp:attachment":[{"href":"https:\/\/www.dentistemilanbrossard.com\/en\/wp-json\/wp\/v2\/media?parent=1406"}],"curies":[{"name":"wp","href":"https:\/\/api.w.org\/{rel}","templated":true}]}}