{"id":1386,"date":"2017-12-14T13:46:08","date_gmt":"2017-12-14T12:46:08","guid":{"rendered":"https:\/\/www.dentistemilanbrossard.com\/nous-joindre2\/"},"modified":"2024-10-30T02:36:17","modified_gmt":"2024-10-30T01:36:17","slug":"nous-joindre","status":"publish","type":"page","link":"https:\/\/www.dentistemilanbrossard.com\/en\/nous-joindre\/","title":{"rendered":"CONTACT US"},"content":{"rendered":"<p>[vc_row full_width=&#8221;stretch_row_content_no_spaces&#8221; el_class=&#8221;contact2_map&#8221;][vc_column][vc_gmaps link=&#8221;#E-8_JTNDaWZyYW1lJTIwc3JjJTNEJTIyaHR0cHMlM0ElMkYlMkZ3d3cuZ29vZ2xlLmNvbSUyRm1hcHMlMkZlbWJlZCUzRnBiJTNEJTIxMW0xOCUyMTFtMTIlMjExbTMlMjExZDI3OTcuNzYzODY3OTE5MjI3JTIxMmQtNzMuNDQ2MjcxNDg0MjMyODglMjEzZDQ1LjQ3NDU2MDQ0MDc3MjYzNSUyMTJtMyUyMTFmMCUyMTJmMCUyMTNmMCUyMTNtMiUyMTFpMTAyNCUyMTJpNzY4JTIxNGYxMy4xJTIxM20zJTIxMW0yJTIxMXMweDRjYzkwNTk2ZjFiYTEzZjklMjUzQTB4MTA1NmVjM2UxNTNjNzY5OCUyMTJzQ2VudHJlJTI1MjBEZW50YWlyZSUyNTIwTWlsYW4lMjUyMEJyb3NzYXJkJTIxNWUwJTIxM20yJTIxMXNmciUyMTJzY2ElMjE0djE2Mjk5MTI3MzA2NzQlMjE1bTIlMjExc2ZyJTIxMnNjYSUyMiUyMHdpZHRoJTNEJTIyNjAwJTIyJTIwaGVpZ2h0JTNEJTIyNDUwJTIyJTIwc3R5bGUlM0QlMjJib3JkZXIlM0EwJTNCJTIyJTIwYWxsb3dmdWxsc2NyZWVuJTNEJTIyJTIyJTIwbG9hZGluZyUzRCUyMmxhenklMjIlM0UlM0MlMkZpZnJhbWUlM0U=&#8221;][\/vc_column][\/vc_row][vc_row full_width=&#8221;stretch_row_content_no_spaces&#8221; el_class=&#8221;contact2_grid&#8221;][vc_column width=&#8221;1\/2&#8243; el_class=&#8221;contact_form_div&#8221;][vc_row_inner el_class=&#8221;contact_form_div_inner&#8221;][vc_column_inner][vc_column_text css=&#8221;.vc_custom_1730252111818{margin-bottom: 0px !important;}&#8221; el_class=&#8221;contact2_title&#8221;]CONTACT US[\/vc_column_text]\n<div class=\"wpcf7 no-js\" id=\"wpcf7-f1331-o1\" lang=\"fr-CA\" dir=\"ltr\" data-wpcf7-id=\"1331\">\n<div class=\"screen-reader-response\"><p role=\"status\" aria-live=\"polite\" aria-atomic=\"true\"><\/p> <ul><\/ul><\/div>\n<form action=\"\/en\/wp-json\/wp\/v2\/pages\/1386#wpcf7-f1331-o1\" method=\"post\" class=\"wpcf7-form init\" aria-label=\"Contact form\" novalidate=\"novalidate\" data-status=\"init\">\n<fieldset class=\"hidden-fields-container\"><input type=\"hidden\" name=\"_wpcf7\" value=\"1331\" \/><input type=\"hidden\" name=\"_wpcf7_version\" value=\"6.1.4\" \/><input type=\"hidden\" name=\"_wpcf7_locale\" value=\"fr_CA\" \/><input type=\"hidden\" name=\"_wpcf7_unit_tag\" value=\"wpcf7-f1331-o1\" \/><input type=\"hidden\" name=\"_wpcf7_container_post\" value=\"0\" \/><input type=\"hidden\" name=\"_wpcf7_posted_data_hash\" value=\"\" \/><input type=\"hidden\" name=\"redirect_nonce\" value=\"1847c9a077\" \/><input type=\"hidden\" name=\"wpcf7cfpdf_hidden_name\" value=\"document-pdf\" \/><input type=\"hidden\" name=\"wpcf7cfpdf_hidden_reference\" value=\"0abcbcee\" \/><input type=\"hidden\" name=\"wpcf7cfpdf_hidden_date\" value=\"04172026\" \/>\n<\/fieldset>\n<div class=\"row\">\n\t<div class=\"col small-12 medium-6\">\n\t\t<p><span class=\"wpcf7-form-control-wrap\" data-name=\"your-name\"><input size=\"40\" maxlength=\"400\" class=\"wpcf7-form-control wpcf7-text wpcf7-validates-as-required form-control\" aria-required=\"true\" aria-invalid=\"false\" placeholder=\"Your name\" value=\"\" type=\"text\" name=\"your-name\" \/><\/span>\n\t\t<\/p>\n\t<\/div>\n\t<div class=\"col small-12 medium-6\">\n\t\t<p><span class=\"wpcf7-form-control-wrap\" data-name=\"your-email\"><input size=\"40\" maxlength=\"400\" class=\"wpcf7-form-control wpcf7-email wpcf7-validates-as-required wpcf7-text wpcf7-validates-as-email form-control\" aria-required=\"true\" aria-invalid=\"false\" placeholder=\"Your email\" value=\"\" type=\"email\" name=\"your-email\" \/><\/span>\n\t\t<\/p>\n\t<\/div>\n<\/div>\n<div class=\"row\">\n\t<div class=\"col small-12\">\n\t\t<p><span class=\"wpcf7-form-control-wrap\" data-name=\"your-message\"><textarea cols=\"40\" rows=\"10\" maxlength=\"2000\" class=\"wpcf7-form-control wpcf7-textarea wpcf7-validates-as-required form-control\" aria-required=\"true\" aria-invalid=\"false\" placeholder=\"Your message\" name=\"your-message\"><\/textarea><\/span>\n\t\t<\/p>\n\t<\/div>\n<\/div>\n<div class=\"row\">\n\t<div class=\"col small-12\">\n\t\t<p><input class=\"wpcf7-form-control wpcf7-submit has-spinner btn btn-primary\" type=\"submit\" value=\"Send\" \/>\n\t\t<\/p>\n\t<\/div>\n<\/div><p style=\"display: none !important;\" class=\"akismet-fields-container\" data-prefix=\"_wpcf7_ak_\"><label>&#916;<textarea name=\"_wpcf7_ak_hp_textarea\" cols=\"45\" rows=\"8\" maxlength=\"100\"><\/textarea><\/label><input type=\"hidden\" id=\"ak_js_1\" name=\"_wpcf7_ak_js\" value=\"97\"\/><script>document.getElementById( \"ak_js_1\" ).setAttribute( \"value\", ( new Date() ).getTime() );<\/script><\/p><div class=\"wpcf7-response-output\" aria-hidden=\"true\"><\/div>\n<\/form>\n<\/div>\n[\/vc_column_inner][\/vc_row_inner][\/vc_column][vc_column width=&#8221;1\/2&#8243; el_class=&#8221;contact2_grid_text&#8221; css=&#8221;.vc_custom_1536816167499{background-color: #5c6169 !important;}&#8221;][vc_row_inner el_class=&#8221;contact2_detail&#8221;][vc_column_inner el_class=&#8221;contact2_detail_left&#8221; width=&#8221;1\/2&#8243;][vc_column_text el_class=&#8221;contact2_inner_title&#8221;]<\/p>\n<h3>ADDRESS<\/h3>\n<div id=\"videoPopupMenu\" style=\"display: none;\"><\/div>\n<p>[\/vc_column_text][vc_column_text el_class=&#8221;address2_text&#8221;]5580 Grande All\u00e9e, St-Hubert, Quebec J3Y 1A8[\/vc_column_text][vc_column_text el_class=&#8221;contact2_inner_title&#8221;]E-MAIL<\/p>\n<div id=\"videoPopupMenu\" style=\"display: none;\"><\/div>\n<p>[\/vc_column_text][vc_column_text el_class=&#8221;email2_text&#8221;]<a href=\"mailto: info@dentistemilanbrossard.com\">info@dentistemilanbrossard.com<\/a>[\/vc_column_text][\/vc_column_inner][vc_column_inner el_class=&#8221;contact2_detail_right&#8221; width=&#8221;1\/2&#8243;][vc_column_text el_class=&#8221;contact2_inner_title&#8221;]TELEPHONE[\/vc_column_text][vc_column_text el_class=&#8221;phone2_text&#8221;]<a href=\"tel: 4504431110\">T: 450-443-1110<\/a><br \/>\n<a href=\"tel: 4504432800\">F: 450-443-2800<\/a>[\/vc_column_text][vc_column_text el_class=&#8221;contact2_inner_title&#8221;]Follow us[\/vc_column_text][vc_single_image image=&#8221;1462&#8243; img_size=&#8221;full&#8221; alignment=&#8221;center&#8221; onclick=&#8221;custom_link&#8221; img_link_target=&#8221;_blank&#8221; link=&#8221;https:\/\/www.facebook.com\/centredentairemilanbrossard&#8221; el_class=&#8221;social2_icon&#8221;][\/vc_column_inner][\/vc_row_inner][vc_row_inner el_class=&#8221;contact2_detail contact_detail_2&#8243;][vc_column_inner el_class=&#8221;contact2_detail_left&#8221; width=&#8221;1\/2&#8243;][vc_column_text el_class=&#8221;contact2_inner_title&#8221;]OPENING HOURS[\/vc_column_text][vc_column_text el_class=&#8221;open2_hour&#8221;]<ul style= 'list-style:none;'><li class='tc_week'><span class='day'>Lundi<\/span>  08:30 \u00e0 20:00<\/li><li class='tc_week'><span class='day'>Mardi<\/span>  08:30 \u00e0 16:30<\/li><li class='tc_week'><span class='day'>Mercredi<\/span>  08:30 \u00e0 16:30<\/li><li class='tc_week'><span class='day'>Jeudi<\/span>  08:30 \u00e0 16:30<\/li><li class='tc_week'><span class='day'>Vendredi<\/span>  08:30 \u00e0 16:30<\/li><li class='tc_week'><span class='day'>Samedi<\/span> : Ferm\u00e9 <\/li><li class='tc_week'><span class='day'>Dimanche<\/span> : Ferm\u00e9 <\/li><\/ul>[\/vc_column_text][\/vc_column_inner][vc_column_inner el_class=&#8221;contact2_detail_right&#8221; width=&#8221;1\/2&#8243;][vc_column_text el_class=&#8221;contact2_inner_title&#8221;]PAYMENT MODALITIES[\/vc_column_text][vc_single_image image=&#8221;1570&#8243; img_size=&#8221;full&#8221; alignment=&#8221;center&#8221; title=&#8221;Comptant&#8221; el_class=&#8221;payment2_icon&#8221;][vc_single_image image=&#8221;1571&#8243; img_size=&#8221;full&#8221; alignment=&#8221;center&#8221; title=&#8221;D\u00e9bit &amp; Cr\u00e9dit&#8221; el_class=&#8221;payment2_icon&#8221;][\/vc_column_inner][\/vc_row_inner][\/vc_column][\/vc_row]<\/p>\n","protected":false},"excerpt":{"rendered":"<p>[vc_row full_width=&#8221;stretch_row_content_no_spaces&#8221; el_class=&#8221;contact2_map&#8221;][vc_column][vc_gmaps link=&#8221;#E-8_JTNDaWZyYW1lJTIwc3JjJTNEJTIyaHR0cHMlM0ElMkYlMkZ3d3cuZ29vZ2xlLmNvbSUyRm1hcHMlMkZlbWJlZCUzRnBiJTNEJTIxMW0xOCUyMTFtMTIlMjExbTMlMjExZDI3OTcuNzYzODY3OTE5MjI3JTIxMmQtNzMuNDQ2MjcxNDg0MjMyODglMjEzZDQ1LjQ3NDU2MDQ0MDc3MjYzNSUyMTJtMyUyMTFmMCUyMTJmMCUyMTNmMCUyMTNtMiUyMTFpMTAyNCUyMTJpNzY4JTIxNGYxMy4xJTIxM20zJTIxMW0yJTIxMXMweDRjYzkwNTk2ZjFiYTEzZjklMjUzQTB4MTA1NmVjM2UxNTNjNzY5OCUyMTJzQ2VudHJlJTI1MjBEZW50YWlyZSUyNTIwTWlsYW4lMjUyMEJyb3NzYXJkJTIxNWUwJTIxM20yJTIxMXNmciUyMTJzY2ElMjE0djE2Mjk5MTI3MzA2NzQlMjE1bTIlMjExc2ZyJTIxMnNjYSUyMiUyMHdpZHRoJTNEJTIyNjAwJTIyJTIwaGVpZ2h0JTNEJTIyNDUwJTIyJTIwc3R5bGUlM0QlMjJib3JkZXIlM0EwJTNCJTIyJTIwYWxsb3dmdWxsc2NyZWVuJTNEJTIyJTIyJTIwbG9hZGluZyUzRCUyMmxhenklMjIlM0UlM0MlMkZpZnJhbWUlM0U=&#8221;][\/vc_column][\/vc_row][vc_row full_width=&#8221;stretch_row_content_no_spaces&#8221; el_class=&#8221;contact2_grid&#8221;][vc_column width=&#8221;1\/2&#8243; el_class=&#8221;contact_form_div&#8221;][vc_row_inner el_class=&#8221;contact_form_div_inner&#8221;][vc_column_inner][vc_column_text css=&#8221;.vc_custom_1730252111818{margin-bottom: 0px !important;}&#8221; el_class=&#8221;contact2_title&#8221;]CONTACT US[\/vc_column_text][\/vc_column_inner][\/vc_row_inner][\/vc_column][vc_column width=&#8221;1\/2&#8243; el_class=&#8221;contact2_grid_text&#8221; css=&#8221;.vc_custom_1536816167499{background-color: #5c6169 !important;}&#8221;][vc_row_inner el_class=&#8221;contact2_detail&#8221;][vc_column_inner el_class=&#8221;contact2_detail_left&#8221; width=&#8221;1\/2&#8243;][vc_column_text el_class=&#8221;contact2_inner_title&#8221;] ADDRESS [\/vc_column_text][vc_column_text el_class=&#8221;address2_text&#8221;]5580 Grande All\u00e9e, St-Hubert, Quebec J3Y 1A8[\/vc_column_text][vc_column_text el_class=&#8221;contact2_inner_title&#8221;]E-MAIL [\/vc_column_text][vc_column_text el_class=&#8221;email2_text&#8221;]info@dentistemilanbrossard.com[\/vc_column_text][\/vc_column_inner][vc_column_inner el_class=&#8221;contact2_detail_right&#8221; width=&#8221;1\/2&#8243;][vc_column_text el_class=&#8221;contact2_inner_title&#8221;]TELEPHONE[\/vc_column_text][vc_column_text el_class=&#8221;phone2_text&#8221;]T: 450-443-1110 F: 450-443-2800[\/vc_column_text][vc_column_text el_class=&#8221;contact2_inner_title&#8221;]Follow us[\/vc_column_text][vc_single_image image=&#8221;1462&#8243; img_size=&#8221;full&#8221; alignment=&#8221;center&#8221; onclick=&#8221;custom_link&#8221; img_link_target=&#8221;_blank&#8221; link=&#8221;https:\/\/www.facebook.com\/centredentairemilanbrossard&#8221; el_class=&#8221;social2_icon&#8221;][\/vc_column_inner][\/vc_row_inner][vc_row_inner el_class=&#8221;contact2_detail contact_detail_2&#8243;][vc_column_inner el_class=&#8221;contact2_detail_left&#8221; width=&#8221;1\/2&#8243;][vc_column_text<a class=\"readmore_exerpt\" href=\"https:\/\/www.dentistemilanbrossard.com\/en\/nous-joindre\/\" rel=\"nofollow\"> [&#8230;]<\/a><\/p>\n","protected":false},"author":1002,"featured_media":0,"parent":0,"menu_order":0,"comment_status":"closed","ping_status":"closed","template":"templates\/template-contact.php","meta":{"footnotes":""},"class_list":["post-1386","page","type-page","status-publish","hentry"],"yoast_head":"<!-- This site is optimized with the Yoast SEO plugin v26.8 - https:\/\/yoast.com\/product\/yoast-seo-wordpress\/ -->\n<title>CONTACT US - Centre Dentaire Milan Brossard<\/title>\n<meta name=\"description\" content=\"Nous invitons les patients de Brossard et les environs \u00e0 nous joindre par courriel ou t\u00e9l\u00e9phone pour planifier leurs soins dentaires, ou en cas d\u2019urgence.\" \/>\n<meta name=\"robots\" content=\"index, follow, max-snippet:-1, max-image-preview:large, max-video-preview:-1\" \/>\n<link rel=\"canonical\" href=\"https:\/\/www.dentistemilanbrossard.com\/nous-joindre\/\" \/>\n<meta property=\"og:locale\" content=\"en_US\" \/>\n<meta property=\"og:type\" content=\"article\" \/>\n<meta property=\"og:title\" content=\"CONTACT US - Centre Dentaire Milan Brossard\" \/>\n<meta property=\"og:description\" content=\"Nous invitons les patients de Brossard et les environs \u00e0 nous joindre par courriel ou t\u00e9l\u00e9phone pour planifier leurs soins dentaires, ou en cas d\u2019urgence.\" \/>\n<meta property=\"og:url\" content=\"https:\/\/www.dentistemilanbrossard.com\/nous-joindre\/\" \/>\n<meta property=\"og:site_name\" content=\"Centre Dentaire Milan Brossard\" \/>\n<meta property=\"article:modified_time\" content=\"2024-10-30T01:36:17+00:00\" \/>\n<meta name=\"twitter:card\" content=\"summary_large_image\" \/>\n<meta name=\"twitter:label1\" content=\"Est. reading time\" \/>\n\t<meta name=\"twitter:data1\" content=\"2 minutes\" \/>\n<script type=\"application\/ld+json\" class=\"yoast-schema-graph\">{\"@context\":\"https:\/\/schema.org\",\"@graph\":[{\"@type\":\"WebPage\",\"@id\":\"https:\/\/www.dentistemilanbrossard.com\/nous-joindre\/\",\"url\":\"https:\/\/www.dentistemilanbrossard.com\/nous-joindre\/\",\"name\":\"CONTACT US - Centre Dentaire Milan Brossard\",\"isPartOf\":{\"@id\":\"https:\/\/www.dentistemilanbrossard.com\/#website\"},\"datePublished\":\"2017-12-14T12:46:08+00:00\",\"dateModified\":\"2024-10-30T01:36:17+00:00\",\"description\":\"Nous invitons les patients de Brossard et les environs \u00e0 nous joindre par courriel ou t\u00e9l\u00e9phone pour planifier leurs soins dentaires, ou en cas d\u2019urgence.\",\"breadcrumb\":{\"@id\":\"https:\/\/www.dentistemilanbrossard.com\/nous-joindre\/#breadcrumb\"},\"inLanguage\":\"en-US\",\"potentialAction\":[{\"@type\":\"ReadAction\",\"target\":[\"https:\/\/www.dentistemilanbrossard.com\/nous-joindre\/\"]}]},{\"@type\":\"BreadcrumbList\",\"@id\":\"https:\/\/www.dentistemilanbrossard.com\/nous-joindre\/#breadcrumb\",\"itemListElement\":[{\"@type\":\"ListItem\",\"position\":1,\"name\":\"Accueil\",\"item\":\"https:\/\/www.dentistemilanbrossard.com\/en\/\"},{\"@type\":\"ListItem\",\"position\":2,\"name\":\"CONTACT US\"}]},{\"@type\":\"WebSite\",\"@id\":\"https:\/\/www.dentistemilanbrossard.com\/#website\",\"url\":\"https:\/\/www.dentistemilanbrossard.com\/\",\"name\":\"Centre Dentaire Milan Brossard\",\"description\":\"\",\"potentialAction\":[{\"@type\":\"SearchAction\",\"target\":{\"@type\":\"EntryPoint\",\"urlTemplate\":\"https:\/\/www.dentistemilanbrossard.com\/?s={search_term_string}\"},\"query-input\":{\"@type\":\"PropertyValueSpecification\",\"valueRequired\":true,\"valueName\":\"search_term_string\"}}],\"inLanguage\":\"en-US\"}]}<\/script>\n<!-- \/ Yoast SEO plugin. -->","yoast_head_json":{"title":"CONTACT US - Centre Dentaire Milan Brossard","description":"Nous invitons les patients de Brossard et les environs \u00e0 nous joindre par courriel ou t\u00e9l\u00e9phone pour planifier leurs soins dentaires, ou en cas d\u2019urgence.","robots":{"index":"index","follow":"follow","max-snippet":"max-snippet:-1","max-image-preview":"max-image-preview:large","max-video-preview":"max-video-preview:-1"},"canonical":"https:\/\/www.dentistemilanbrossard.com\/nous-joindre\/","og_locale":"en_US","og_type":"article","og_title":"CONTACT US - Centre Dentaire Milan Brossard","og_description":"Nous invitons les patients de Brossard et les environs \u00e0 nous joindre par courriel ou t\u00e9l\u00e9phone pour planifier leurs soins dentaires, ou en cas d\u2019urgence.","og_url":"https:\/\/www.dentistemilanbrossard.com\/nous-joindre\/","og_site_name":"Centre Dentaire Milan Brossard","article_modified_time":"2024-10-30T01:36:17+00:00","twitter_card":"summary_large_image","twitter_misc":{"Est. reading time":"2 minutes"},"schema":{"@context":"https:\/\/schema.org","@graph":[{"@type":"WebPage","@id":"https:\/\/www.dentistemilanbrossard.com\/nous-joindre\/","url":"https:\/\/www.dentistemilanbrossard.com\/nous-joindre\/","name":"CONTACT US - Centre Dentaire Milan Brossard","isPartOf":{"@id":"https:\/\/www.dentistemilanbrossard.com\/#website"},"datePublished":"2017-12-14T12:46:08+00:00","dateModified":"2024-10-30T01:36:17+00:00","description":"Nous invitons les patients de Brossard et les environs \u00e0 nous joindre par courriel ou t\u00e9l\u00e9phone pour planifier leurs soins dentaires, ou en cas d\u2019urgence.","breadcrumb":{"@id":"https:\/\/www.dentistemilanbrossard.com\/nous-joindre\/#breadcrumb"},"inLanguage":"en-US","potentialAction":[{"@type":"ReadAction","target":["https:\/\/www.dentistemilanbrossard.com\/nous-joindre\/"]}]},{"@type":"BreadcrumbList","@id":"https:\/\/www.dentistemilanbrossard.com\/nous-joindre\/#breadcrumb","itemListElement":[{"@type":"ListItem","position":1,"name":"Accueil","item":"https:\/\/www.dentistemilanbrossard.com\/en\/"},{"@type":"ListItem","position":2,"name":"CONTACT US"}]},{"@type":"WebSite","@id":"https:\/\/www.dentistemilanbrossard.com\/#website","url":"https:\/\/www.dentistemilanbrossard.com\/","name":"Centre Dentaire Milan Brossard","description":"","potentialAction":[{"@type":"SearchAction","target":{"@type":"EntryPoint","urlTemplate":"https:\/\/www.dentistemilanbrossard.com\/?s={search_term_string}"},"query-input":{"@type":"PropertyValueSpecification","valueRequired":true,"valueName":"search_term_string"}}],"inLanguage":"en-US"}]}},"_links":{"self":[{"href":"https:\/\/www.dentistemilanbrossard.com\/en\/wp-json\/wp\/v2\/pages\/1386","targetHints":{"allow":["GET"]}}],"collection":[{"href":"https:\/\/www.dentistemilanbrossard.com\/en\/wp-json\/wp\/v2\/pages"}],"about":[{"href":"https:\/\/www.dentistemilanbrossard.com\/en\/wp-json\/wp\/v2\/types\/page"}],"author":[{"embeddable":true,"href":"https:\/\/www.dentistemilanbrossard.com\/en\/wp-json\/wp\/v2\/users\/1002"}],"replies":[{"embeddable":true,"href":"https:\/\/www.dentistemilanbrossard.com\/en\/wp-json\/wp\/v2\/comments?post=1386"}],"version-history":[{"count":16,"href":"https:\/\/www.dentistemilanbrossard.com\/en\/wp-json\/wp\/v2\/pages\/1386\/revisions"}],"predecessor-version":[{"id":1997,"href":"https:\/\/www.dentistemilanbrossard.com\/en\/wp-json\/wp\/v2\/pages\/1386\/revisions\/1997"}],"wp:attachment":[{"href":"https:\/\/www.dentistemilanbrossard.com\/en\/wp-json\/wp\/v2\/media?parent=1386"}],"curies":[{"name":"wp","href":"https:\/\/api.w.org\/{rel}","templated":true}]}}